{"id":213,"date":"2024-04-20T12:14:59","date_gmt":"2024-04-20T12:14:59","guid":{"rendered":"https:\/\/www.paula-salamanca.com\/es\/?page_id=213"},"modified":"2024-04-20T12:15:00","modified_gmt":"2024-04-20T12:15:00","slug":"aviso-legal","status":"publish","type":"page","link":"https:\/\/www.paula-salamanca.com\/es\/aviso-legal\/","title":{"rendered":"Aviso Legal"},"content":{"rendered":"\n<h2 class=\"wp-block-heading\">LEY DE SERVICIOS DE LA SOCIEDAD DE LA INFORMACI\u00d3N (LSSI)<\/h2>\n\n\n\n<p>Paula Salamanca Pereira, la persona responsable del sitio web, en adelante el CONTROLADOR, pone a disposici\u00f3n de los usuarios este documento, que tiene como objetivo cumplir con las obligaciones establecidas en la Ley 34\/2002, de 11 de julio, sobre Servicios de la Sociedad de la Informaci\u00f3n y Comercio Electr\u00f3nico (LSSICE), Bolet\u00edn Oficial del Estado Espa\u00f1ol n.\u00ba 166, as\u00ed como informar a todos los usuarios del sitio web de las condiciones de uso. Toda persona que acceda a este sitio web adquiere la condici\u00f3n de usuario y, como tal, se compromete a observar y cumplir estrictamente con las disposiciones aqu\u00ed establecidas, as\u00ed como con cualquier otra cl\u00e1usula legal aplicable. Paula Salamanca Pereira se reserva el derecho de modificar cualquier tipo de informaci\u00f3n que pueda aparecer en el sitio web, y no est\u00e1 obligada a dar aviso previo o informar a los usuarios de tales obligaciones, entendiendo que la publicaci\u00f3n en el sitio web de Paula Salamanca Pereira es suficiente.<\/p>\n\n\n\n<h2 class=\"wp-block-heading\">DATOS DE IDENTIFICACI\u00d3N<\/h2>\n\n\n\n<ul>\n<li><strong>Nombre de dominio:<\/strong> paula-salamanca.com<\/li>\n\n\n\n<li><strong>Nombre comercial:<\/strong> Paula Salamanca Pereira<\/li>\n\n\n\n<li><strong>Nombre de la empresa:<\/strong> Paula Salamanca Pereira<\/li>\n\n\n\n<li><strong>NIF:<\/strong> 44296845H<\/li>\n\n\n\n<li><strong>Direcci\u00f3n registrada:<\/strong> Avda. de la Moraleda s\/n Local 8C &#8211; Urb. Montemar , 29679 Benahav\u00eds (M\u00c1LAGA)<\/li>\n\n\n\n<li><strong>Tel\u00e9fono:<\/strong> +34952855689<\/li>\n\n\n\n<li><strong>Email:<\/strong> paula@paula-salamanca.e<\/li>\n<\/ul>\n\n\n\n<h2 class=\"wp-block-heading\">DERECHOS DE PROPIEDAD INTELECTUAL E INDUSTRIAL<\/h2>\n\n\n\n<p>El sitio web, incluyendo pero no limitado a su programaci\u00f3n, edici\u00f3n, compilaci\u00f3n y otros elementos necesarios para su funcionamiento, los dise\u00f1os, logotipos, texto y\/o gr\u00e1ficos, son propiedad del CONTROLADOR o, en su caso, tienen expresamente una licencia o autorizaci\u00f3n expresa de los autores. Todos los contenidos del sitio web est\u00e1n debidamente protegidos por las leyes de propiedad intelectual e industrial, y est\u00e1n registrados en los registros p\u00fablicos correspondientes. Independientemente de su prop\u00f3sito previsto, la reproducci\u00f3n total o parcial, uso, explotaci\u00f3n, distribuci\u00f3n y comercializaci\u00f3n, requiere en cualquier caso la autorizaci\u00f3n previa por escrito del CONTROLADOR. Cualquier uso no autorizado se considera una violaci\u00f3n grave de los derechos de propiedad intelectual o industrial del autor. Los dise\u00f1os, logotipos, texto y\/o gr\u00e1ficos que no pertenezcan al CONTROLADOR y que puedan aparecer en el sitio web, pertenecen a sus respectivos propietarios, quienes son responsables de cualquier posible disputa que pueda surgir con respecto a ellos. El CONTROLADOR autoriza expresamente a terceros a redirigir al contenido espec\u00edfico del sitio web, y en cualquier caso a redirigir al sitio web principal de paula-salamanca.com. El CONTROLADOR reconoce los correspondientes derechos de propiedad intelectual e industrial a favor de sus titulares, y cualquier menci\u00f3n o aparici\u00f3n en el sitio web no implica la existencia de ning\u00fan derecho o responsabilidad sobre ellos, ni implica ning\u00fan respaldo, patrocinio o recomendaci\u00f3n por parte del sitio web. Los comentarios sobre cualquier posible violaci\u00f3n de los derechos de propiedad intelectual o industrial, as\u00ed como sobre el contenido del sitio web, pueden hacerse contactando a paula@paula-salamanca.e.<\/p>\n\n\n\n<h2 class=\"wp-block-heading\">3. EXENCI\u00d3N DE RESPONSABILIDAD<\/h2>\n\n\n\n<p>El RESPONSABLE renuncia a cualquier responsabilidad por la informaci\u00f3n publicada en su sitio web siempre que no tenga conocimiento efectivo de que esta informaci\u00f3n haya sido manipulada o introducida por un tercero ajeno a \u00e9l o, en caso de tenerlo, haya actuado diligentemente para eliminar los datos o hacer imposible el acceso a ellos.<\/p>\n\n\n\n<h2 class=\"wp-block-heading\">Uso de cookies<\/h2>\n\n\n\n<p>Este sitio web utiliza cookies t\u00e9cnicas (archivos peque\u00f1os con informaci\u00f3n que el servidor env\u00eda al ordenador del usuario del sitio web) para llevar a cabo ciertas funciones consideradas necesarias para el correcto funcionamiento y previsualizaci\u00f3n del sitio web. En cualquier caso, las cookies utilizadas son temporales, con el \u00fanico prop\u00f3sito de hacer m\u00e1s eficiente la navegaci\u00f3n del sitio, y desaparecen al finalizar la sesi\u00f3n del usuario. En ning\u00fan caso estas cookies proporcionan por s\u00ed mismas datos personales y no se utilizar\u00e1n para la recopilaci\u00f3n de tales datos.<\/p>\n\n\n\n<p>A trav\u00e9s del uso de cookies, tambi\u00e9n es posible que el servidor donde se encuentra el sitio web reconozca el navegador utilizado por el usuario para facilitar la navegaci\u00f3n, permitiendo, por ejemplo, que los usuarios que se hayan registrado previamente accedan a las \u00e1reas, servicios, promociones o concursos reservados exclusivamente para ellos sin necesidad de registrarse en cada visita. Tambi\u00e9n pueden ser utilizadas para medir la audiencia o par\u00e1metros de tr\u00e1fico, controlar el progreso y el n\u00famero de entradas, etc. En estos casos, las cookies utilizadas son t\u00e9cnicamente no esenciales pero beneficiosas para el usuario. Este sitio web no instalar\u00e1 cookies no esenciales sin el consentimiento previo del usuario.<\/p>\n\n\n\n<p>El navegador puede ser configurado por el usuario para alertarle de la recepci\u00f3n de cookies y para evitar su instalaci\u00f3n en su ordenador. Para obtener m\u00e1s informaci\u00f3n, consulte las instrucciones de su navegador.<\/p>\n\n\n\n<h2 class=\"wp-block-heading\">Pol\u00edtica de enlaces<\/h2>\n\n\n\n<p>El usuario de este sitio web puede ser redirigido a contenido de sitios web de terceros. Dado que el CONTROLADOR no puede controlar siempre el contenido de los sitios web de terceros, no asume ninguna responsabilidad con respecto a dicho contenido. En cualquier caso, el CONTROLADOR eliminar\u00e1 inmediatamente cualquier contenido que pueda estar en violaci\u00f3n de las leyes nacionales o internacionales, la moral o el orden p\u00fablico, y eliminar\u00e1 inmediatamente la redirecci\u00f3n a este sitio web, informando a las autoridades competentes del contenido en cuesti\u00f3n.<\/p>\n\n\n\n<p>El CONTROLADOR no ser\u00e1 responsable de la informaci\u00f3n y el contenido encontrado, incluyendo pero no limitado a, en foros, chats, generadores de blogs, comentarios, redes sociales o cualquier otro medio que permita a terceros publicar contenido de forma independiente en el sitio web del CONTROLADOR. Sin embargo, y de acuerdo con las leyes 11 y 16 de la LSSICE, el contenido de terceros est\u00e1 disponible para todos los usuarios, autoridades y cuerpos de seguridad que colaboren directamente en la retirada o bloqueo de todo contenido que pueda afectar o violar la ley nacional o internacional, los derechos de terceros o la moral y el orden p\u00fablico. En caso de que el usuario considere que hay alg\u00fan contenido en el sitio web que pueda ser considerado como tal, por favor notifique inmediatamente al administrador del sitio web.<\/p>\n\n\n\n<p>Este sitio web fue revisado y probado para permitir su correcto funcionamiento. En principio, el correcto funcionamiento puede garantizarse 365 d\u00edas al a\u00f1o, 24 horas al d\u00eda. Sin embargo, el CONTROLADOR no descarta la posibilidad de que haya ciertos errores de programaci\u00f3n, o que puedan ocurrir casos de fuerza mayor, desastres naturales, huelgas u otras circunstancias similares que hagan imposible el acceso al sitio web.<\/p>\n\n\n\n<h2 class=\"wp-block-heading\">Direcciones IP<\/h2>\n\n\n\n<p>Los servidores del sitio web pueden detectar autom\u00e1ticamente la direcci\u00f3n IP y el nombre de dominio utilizados por el usuario. Una direcci\u00f3n IP es un n\u00famero asignado autom\u00e1ticamente a un ordenador cuando se conecta a Internet. Toda esta informaci\u00f3n se registra en un registro del sistema en el servidor que permite el posterior procesamiento de los datos para obtener solo medidas estad\u00edsticas que nos muestren el n\u00famero de visitas a la p\u00e1gina, el n\u00famero de visitas realizadas a los servidores web, el orden de las visitas, el punto de acceso, etc.<\/p>\n\n\n\n<h2 class=\"wp-block-heading\">4. LEY APLICABLE Y JURISDICCI\u00d3N<\/h2>\n\n\n\n<p>Paula_Salamanca_Pereira_Legal_notice<\/p>\n\n\n\n<p>A todas las disputas o cuestiones relacionadas con este sitio web o las actividades realizadas en el mismo se aplicar\u00e1 la legislaci\u00f3n espa\u00f1ola, a la que las partes se someten expresamente, y ser\u00e1n competentes para resolver todas las disputas que surjan o est\u00e9n relacionadas con su uso los Juzgados y Tribunales del domicilio del USUARIO o del lugar de cumplimiento de la obligaci\u00f3n.<\/p>\n","protected":false},"excerpt":{"rendered":"<p>LEY DE SERVICIOS DE LA SOCIEDAD DE LA INFORMACI\u00d3N (LSSI) Paula Salamanca Pereira, la persona responsable del sitio web, en<a class=\"more-link\" href=\"https:\/\/www.paula-salamanca.com\/es\/aviso-legal\/\">&nbsp;&nbsp;<i class=\"fa fa-angle-right\"><\/i><\/a><\/p>\n","protected":false},"author":1,"featured_media":0,"parent":0,"menu_order":0,"comment_status":"closed","ping_status":"closed","template":"page-full.php","meta":{"footnotes":""},"yoast_head":"<!-- This site is optimized with the Yoast SEO plugin v22.5 - https:\/\/yoast.com\/wordpress\/plugins\/seo\/ -->\n<title>Aviso Legal<\/title>\n<meta name=\"robots\" content=\"noindex, nofollow\" \/>\n<meta property=\"og:locale\" content=\"es_ES\" \/>\n<meta property=\"og:type\" content=\"article\" \/>\n<meta property=\"og:title\" content=\"Aviso Legal\" \/>\n<meta property=\"og:description\" content=\"LEY DE SERVICIOS DE LA SOCIEDAD DE LA INFORMACI\u00d3N (LSSI) Paula Salamanca Pereira, la persona responsable del sitio web, en&nbsp;&nbsp;\" \/>\n<meta property=\"og:url\" content=\"https:\/\/www.paula-salamanca.com\/es\/aviso-legal\/\" \/>\n<meta property=\"og:site_name\" content=\"ES Paula Salamanca\" \/>\n<meta property=\"article:publisher\" content=\"http:\/\/www.facebook.com\/paulasalamancaabogada\/\" \/>\n<meta property=\"article:modified_time\" content=\"2024-04-20T12:15:00+00:00\" \/>\n<meta name=\"twitter:label1\" content=\"Tiempo de lectura\" \/>\n\t<meta name=\"twitter:data1\" content=\"6 minutos\" \/>\n<script type=\"application\/ld+json\" class=\"yoast-schema-graph\">{\"@context\":\"https:\/\/schema.org\",\"@graph\":[{\"@type\":\"WebPage\",\"@id\":\"https:\/\/www.paula-salamanca.com\/es\/aviso-legal\/\",\"url\":\"https:\/\/www.paula-salamanca.com\/es\/aviso-legal\/\",\"name\":\"Aviso Legal\",\"isPartOf\":{\"@id\":\"https:\/\/www.paula-salamanca.com\/es\/#website\"},\"datePublished\":\"2024-04-20T12:14:59+00:00\",\"dateModified\":\"2024-04-20T12:15:00+00:00\",\"breadcrumb\":{\"@id\":\"https:\/\/www.paula-salamanca.com\/es\/aviso-legal\/#breadcrumb\"},\"inLanguage\":\"es\",\"potentialAction\":[{\"@type\":\"ReadAction\",\"target\":[\"https:\/\/www.paula-salamanca.com\/es\/aviso-legal\/\"]}]},{\"@type\":\"BreadcrumbList\",\"@id\":\"https:\/\/www.paula-salamanca.com\/es\/aviso-legal\/#breadcrumb\",\"itemListElement\":[{\"@type\":\"ListItem\",\"position\":1,\"name\":\"Home\",\"item\":\"https:\/\/www.paula-salamanca.com\/es\/\"},{\"@type\":\"ListItem\",\"position\":2,\"name\":\"Aviso Legal\"}]},{\"@type\":\"WebSite\",\"@id\":\"https:\/\/www.paula-salamanca.com\/es\/#website\",\"url\":\"https:\/\/www.paula-salamanca.com\/es\/\",\"name\":\"ES Paula Salamanca\",\"description\":\"\",\"potentialAction\":[{\"@type\":\"SearchAction\",\"target\":{\"@type\":\"EntryPoint\",\"urlTemplate\":\"https:\/\/www.paula-salamanca.com\/es\/?s={search_term_string}\"},\"query-input\":\"required name=search_term_string\"}],\"inLanguage\":\"es\"}]}<\/script>\n<!-- \/ Yoast SEO plugin. -->","yoast_head_json":{"title":"Aviso Legal","robots":{"index":"noindex","follow":"nofollow"},"og_locale":"es_ES","og_type":"article","og_title":"Aviso Legal","og_description":"LEY DE SERVICIOS DE LA SOCIEDAD DE LA INFORMACI\u00d3N (LSSI) Paula Salamanca Pereira, la persona responsable del sitio web, en&nbsp;&nbsp;","og_url":"https:\/\/www.paula-salamanca.com\/es\/aviso-legal\/","og_site_name":"ES Paula Salamanca","article_publisher":"http:\/\/www.facebook.com\/paulasalamancaabogada\/","article_modified_time":"2024-04-20T12:15:00+00:00","twitter_misc":{"Tiempo de lectura":"6 minutos"},"schema":{"@context":"https:\/\/schema.org","@graph":[{"@type":"WebPage","@id":"https:\/\/www.paula-salamanca.com\/es\/aviso-legal\/","url":"https:\/\/www.paula-salamanca.com\/es\/aviso-legal\/","name":"Aviso Legal","isPartOf":{"@id":"https:\/\/www.paula-salamanca.com\/es\/#website"},"datePublished":"2024-04-20T12:14:59+00:00","dateModified":"2024-04-20T12:15:00+00:00","breadcrumb":{"@id":"https:\/\/www.paula-salamanca.com\/es\/aviso-legal\/#breadcrumb"},"inLanguage":"es","potentialAction":[{"@type":"ReadAction","target":["https:\/\/www.paula-salamanca.com\/es\/aviso-legal\/"]}]},{"@type":"BreadcrumbList","@id":"https:\/\/www.paula-salamanca.com\/es\/aviso-legal\/#breadcrumb","itemListElement":[{"@type":"ListItem","position":1,"name":"Home","item":"https:\/\/www.paula-salamanca.com\/es\/"},{"@type":"ListItem","position":2,"name":"Aviso Legal"}]},{"@type":"WebSite","@id":"https:\/\/www.paula-salamanca.com\/es\/#website","url":"https:\/\/www.paula-salamanca.com\/es\/","name":"ES Paula Salamanca","description":"","potentialAction":[{"@type":"SearchAction","target":{"@type":"EntryPoint","urlTemplate":"https:\/\/www.paula-salamanca.com\/es\/?s={search_term_string}"},"query-input":"required name=search_term_string"}],"inLanguage":"es"}]}},"_links":{"self":[{"href":"https:\/\/www.paula-salamanca.com\/es\/wp-json\/wp\/v2\/pages\/213"}],"collection":[{"href":"https:\/\/www.paula-salamanca.com\/es\/wp-json\/wp\/v2\/pages"}],"about":[{"href":"https:\/\/www.paula-salamanca.com\/es\/wp-json\/wp\/v2\/types\/page"}],"author":[{"embeddable":true,"href":"https:\/\/www.paula-salamanca.com\/es\/wp-json\/wp\/v2\/users\/1"}],"replies":[{"embeddable":true,"href":"https:\/\/www.paula-salamanca.com\/es\/wp-json\/wp\/v2\/comments?post=213"}],"version-history":[{"count":1,"href":"https:\/\/www.paula-salamanca.com\/es\/wp-json\/wp\/v2\/pages\/213\/revisions"}],"predecessor-version":[{"id":214,"href":"https:\/\/www.paula-salamanca.com\/es\/wp-json\/wp\/v2\/pages\/213\/revisions\/214"}],"wp:attachment":[{"href":"https:\/\/www.paula-salamanca.com\/es\/wp-json\/wp\/v2\/media?parent=213"}],"curies":[{"name":"wp","href":"https:\/\/api.w.org\/{rel}","templated":true}]}}